{"id":20,"date":"2025-06-05T17:29:32","date_gmt":"2025-06-05T17:29:32","guid":{"rendered":"https:\/\/climaclever.cl\/?page_id=20"},"modified":"2025-06-05T17:47:34","modified_gmt":"2025-06-05T17:47:34","slug":"services","status":"publish","type":"page","link":"https:\/\/climaclever.cl\/?page_id=20","title":{"rendered":"Services"},"content":{"rendered":"\n<div class=\"wp-block-uagb-container uagb-block-a2b3fcc4 alignfull uagb-is-root-container\"><div class=\"uagb-container-inner-blocks-wrap\">\n<div class=\"wp-block-uagb-advanced-heading uagb-block-b49651cf\"><h1 class=\"uagb-heading-text\">Servicios de Clima<\/h1><p class=\"uagb-desc-text\">Ofrecemos soluciones integrales en refrigeraci\u00f3n y climatizaci\u00f3n, garantizando la optimalidad de equipos y el confort de nuestros clientes en todo momento.<\/p><\/div>\n<\/div><\/div>\n\n\n\n<div class=\"wp-block-uagb-container uagb-block-82730aee alignfull uagb-is-root-container\"><div class=\"uagb-container-inner-blocks-wrap\">\n<div class=\"wp-block-uagb-container uagb-block-5d5d5816\">\n<div class=\"wp-block-uagb-info-box uagb-block-471ef640 uagb-infobox__content-wrap  uagb-infobox-icon-above-title uagb-infobox-image-valign-top\"><div class=\"uagb-ifb-content\"><div class=\"uagb-ifb-title-wrap\"><span class=\"uagb-ifb-title-prefix\">01<\/span><p class=\"uagb-ifb-title\">Evaluaci\u00f3n inicial<\/p><\/div><p class=\"uagb-ifb-desc\">Analizamos las necesidades espec\u00edficas de cada cliente para ofrecer la mejor soluci\u00f3n. Nuestro enfoque personalizado garantiza resultados efectivos desde el principio.<\/p><\/div><\/div>\n\n\n\n<div class=\"wp-block-uagb-info-box uagb-block-004280a0 uagb-infobox__content-wrap  uagb-infobox-icon-above-title uagb-infobox-image-valign-top\"><div class=\"uagb-ifb-content\"><div class=\"uagb-ifb-title-wrap\"><span class=\"uagb-ifb-title-prefix\">02<\/span><p class=\"uagb-ifb-title\">Dise\u00f1o de soluciones<\/p><\/div><p class=\"uagb-ifb-desc\">Creamos un plan de acci\u00f3n que integra tecnolog\u00eda de punta y eficiencia energ\u00e9tica. Cada soluci\u00f3n es \u00fanica y adaptada a requerimientos espec\u00edficos.<\/p><\/div><\/div>\n\n\n\n<div class=\"wp-block-uagb-info-box uagb-block-9a3f51f7 uagb-infobox__content-wrap  uagb-infobox-icon-above-title uagb-infobox-image-valign-top\"><div class=\"uagb-ifb-content\"><div class=\"uagb-ifb-title-wrap\"><span class=\"uagb-ifb-title-prefix\">03<\/span><p class=\"uagb-ifb-title\">Instalaci\u00f3n y soporte<\/p><\/div><p class=\"uagb-ifb-desc\">Realizamos la instalaci\u00f3n de equipos con un equipo t\u00e9cnico altamente capacitado, asegurando que todo funcione perfectamente desde el primer d\u00eda.<\/p><\/div><\/div>\n<\/div>\n<\/div><\/div>\n\n\n\n<div class=\"wp-block-uagb-container uagb-block-b910cbb3 alignfull uagb-is-root-container\"><div class=\"uagb-container-inner-blocks-wrap\">\n<div class=\"wp-block-uagb-container uagb-block-0e050199\">\n<div class=\"wp-block-uagb-container uagb-block-7601768f\">\n<div class=\"wp-block-uagb-container uagb-block-98a734cc\"><\/div>\n\n\n\n<div class=\"wp-block-uagb-container uagb-block-f328f6e0\">\n<div class=\"wp-block-uagb-info-box uagb-block-46951895 uagb-infobox__content-wrap  uagb-infobox-icon-above-title uagb-infobox-image-valign-top\"><div class=\"uagb-ifb-content\"><div class=\"uagb-ifb-title-wrap\"><p class=\"uagb-ifb-title\">Refrigeraci\u00f3n Comercial<\/p><\/div><p class=\"uagb-ifb-desc\">Suministramos sistemas de refrigeraci\u00f3n eficientes para diversos sectores comerciales y de alimentos.<\/p><\/div><\/div>\n<\/div>\n<\/div>\n\n\n\n<div class=\"wp-block-uagb-container uagb-block-e53ada75\">\n<div class=\"wp-block-uagb-container uagb-block-afb08024\"><\/div>\n\n\n\n<div class=\"wp-block-uagb-container uagb-block-65ac6715\">\n<div class=\"wp-block-uagb-info-box uagb-block-e9ca4dc8 uagb-infobox__content-wrap  uagb-infobox-icon-above-title uagb-infobox-image-valign-top\"><div class=\"uagb-ifb-content\"><div class=\"uagb-ifb-title-wrap\"><p class=\"uagb-ifb-title\">Climatizaci\u00f3n de Ambientes<\/p><\/div><p class=\"uagb-ifb-desc\">Dise\u00f1amos e instalamos sistemas de climatizaci\u00f3n que aseguran el confort en cualquier espacio.<\/p><\/div><\/div>\n<\/div>\n<\/div>\n<\/div>\n\n\n\n<div class=\"wp-block-uagb-container uagb-block-058d6a84\">\n<div class=\"wp-block-uagb-container uagb-block-bdeed575\">\n<div class=\"wp-block-uagb-container uagb-block-4e6574b8\"><\/div>\n\n\n\n<div class=\"wp-block-uagb-container uagb-block-f0e8e51a\">\n<div class=\"wp-block-uagb-info-box uagb-block-0d7ba74f uagb-infobox__content-wrap  uagb-infobox-icon-above-title uagb-infobox-image-valign-top\"><div class=\"uagb-ifb-content\"><div class=\"uagb-ifb-title-wrap\"><p class=\"uagb-ifb-title\">Equipos Gastron\u00f3micos<\/p><\/div><p class=\"uagb-ifb-desc\">Proporcionamos equipos de cocina de alta calidad para satisfacer las exigencias de la industria alimentaria.<\/p><\/div><\/div>\n<\/div>\n<\/div>\n\n\n\n<div class=\"wp-block-uagb-container uagb-block-134b945b\">\n<div class=\"wp-block-uagb-container uagb-block-2be2f339\"><\/div>\n\n\n\n<div class=\"wp-block-uagb-container uagb-block-8c2fbf19\">\n<div class=\"wp-block-uagb-info-box uagb-block-8846553f uagb-infobox__content-wrap  uagb-infobox-icon-above-title uagb-infobox-image-valign-top\"><div class=\"uagb-ifb-content\"><div class=\"uagb-ifb-title-wrap\"><p class=\"uagb-ifb-title\">Mantenimiento Preventivo<\/p><\/div><p class=\"uagb-ifb-desc\">Realizamos mantenimientos peri\u00f3dicos para asegurar un rendimiento \u00f3ptimo de los equipos y prolongar su vida \u00fatil.<\/p><\/div><\/div>\n<\/div>\n<\/div>\n<\/div>\n\n\n\n<div class=\"wp-block-uagb-container uagb-block-1f247ebc\">\n<div class=\"wp-block-uagb-container uagb-block-9c3d26cc\">\n<div class=\"wp-block-uagb-container uagb-block-61ccace1\"><\/div>\n\n\n\n<div class=\"wp-block-uagb-container uagb-block-58661da6\">\n<div class=\"wp-block-uagb-info-box uagb-block-cd2fadb7 uagb-infobox__content-wrap  uagb-infobox-icon-above-title uagb-infobox-image-valign-top\"><div class=\"uagb-ifb-content\"><div class=\"uagb-ifb-title-wrap\"><p class=\"uagb-ifb-title\">Asesor\u00eda T\u00e9cnica<\/p><\/div><p class=\"uagb-ifb-desc\">Ofrecemos asesoramiento experto en elecci\u00f3n y optimizaci\u00f3n de equipos de climatizaci\u00f3n y refrigeraci\u00f3n.<\/p><\/div><\/div>\n<\/div>\n<\/div>\n\n\n\n<div class=\"wp-block-uagb-container uagb-block-9e3dd0e7\">\n<div class=\"wp-block-uagb-container uagb-block-d423199f\"><\/div>\n\n\n\n<div class=\"wp-block-uagb-container uagb-block-894f8e88\">\n<div class=\"wp-block-uagb-info-box uagb-block-f9d70bf4 uagb-infobox__content-wrap  uagb-infobox-icon-above-title uagb-infobox-image-valign-top\"><div class=\"uagb-ifb-content\"><div class=\"uagb-ifb-title-wrap\"><p class=\"uagb-ifb-title\">Instalaciones Personalizadas<\/p><\/div><p class=\"uagb-ifb-desc\">Contamos con soluciones de instalaci\u00f3n adaptadas a las necesidades espec\u00edficas de cada cliente y espacio.<\/p><\/div><\/div>\n<\/div>\n<\/div>\n<\/div>\n\n\n\n<div class=\"wp-block-uagb-container uagb-block-c4ff6a6e\">\n<div class=\"wp-block-uagb-container uagb-block-b70b2bd3\">\n<div class=\"wp-block-uagb-container uagb-block-cc6f8fd3\"><\/div>\n\n\n\n<div class=\"wp-block-uagb-container uagb-block-4b6d3791\">\n<div class=\"wp-block-uagb-info-box uagb-block-f84ccec8 uagb-infobox__content-wrap  uagb-infobox-icon-above-title uagb-infobox-image-valign-top\"><div class=\"uagb-ifb-content\"><div class=\"uagb-ifb-title-wrap\"><p class=\"uagb-ifb-title\">Venta de Repuestos<\/p><\/div><p class=\"uagb-ifb-desc\">Proveemos piezas de repuesto de alta calidad para garantizar la continuidad del funcionamiento de los equipos.<\/p><\/div><\/div>\n<\/div>\n<\/div>\n\n\n\n<div class=\"wp-block-uagb-container uagb-block-8fff2dc5\">\n<div class=\"wp-block-uagb-container uagb-block-76575679\"><\/div>\n\n\n\n<div class=\"wp-block-uagb-container uagb-block-0ed98161\">\n<div class=\"wp-block-uagb-info-box uagb-block-e7ec9cd8 uagb-infobox__content-wrap  uagb-infobox-icon-above-title uagb-infobox-image-valign-top\"><div class=\"uagb-ifb-content\"><div class=\"uagb-ifb-title-wrap\"><p class=\"uagb-ifb-title\">Capacitaci\u00f3n y Soporte<\/p><\/div><p class=\"uagb-ifb-desc\">Brindamos formaci\u00f3n y soporte t\u00e9cnico para el correcto uso de todos nuestros equipos y sistemas.<\/p><\/div><\/div>\n<\/div>\n<\/div>\n<\/div>\n<\/div><\/div>\n\n\n\n<div class=\"wp-block-uagb-container uagb-block-74795b04 alignfull uagb-is-root-container\"><div class=\"uagb-container-inner-blocks-wrap\">\n<div class=\"wp-block-uagb-info-box uagb-block-00f0b231 uagb-infobox__content-wrap  uagb-infobox-icon-above-title uagb-infobox-image-valign-top\"><div class=\"uagb-ifb-content\"><div class=\"uagb-ifb-title-wrap\"><h2 class=\"uagb-ifb-title\">\u00a1Da el Primer Paso hoy!<\/h2><\/div><\/div><\/div>\n\n\n\n<div class=\"wp-block-uagb-buttons uagb-buttons__outer-wrap uagb-btn__default-btn uagb-btn-tablet__default-btn uagb-btn-mobile__default-btn uagb-block-32003b56\"><div class=\"uagb-buttons__wrap uagb-buttons-layout-wrap \">\n<div class=\"wp-block-uagb-buttons-child uagb-buttons__outer-wrap uagb-block-85cf7f71 wp-block-button\"><div class=\"uagb-button__wrapper\"><a class=\"uagb-buttons-repeater wp-block-button__link\" aria-label=\"\" href=\"\/contact\/\" rel=\"follow noopener\" target=\"_self\" role=\"button\"><div class=\"uagb-button__link\">Cont\u00e1ctanos Ahora<\/div><\/a><\/div><\/div>\n<\/div><\/div>\n<\/div><\/div>\n","protected":false},"excerpt":{"rendered":"<p>Servicios de Clima Ofrecemos soluciones integrales en refrigeraci\u00f3n y climatizaci\u00f3n, garantizando la optimalidad de equipos y el confort de nuestros [&hellip;]<\/p>\n","protected":false},"author":6,"featured_media":0,"parent":0,"menu_order":0,"comment_status":"closed","ping_status":"closed","template":"","meta":{"_uag_custom_page_level_css":"","site-sidebar-layout":"no-sidebar","site-content-layout":"","ast-site-content-layout":"full-width-container","site-content-style":"unboxed","site-sidebar-style":"default","ast-global-header-display":"","ast-banner-title-visibility":"disabled","ast-main-header-display":"","ast-hfb-above-header-display":"","ast-hfb-below-header-display":"","ast-hfb-mobile-header-display":"","site-post-title":"","ast-breadcrumbs-content":"","ast-featured-img":"","footer-sml-layout":"","ast-disable-related-posts":"","theme-transparent-header-meta":"default","adv-header-id-meta":"","stick-header-meta":"","header-above-stick-meta":"","header-main-stick-meta":"","header-below-stick-meta":"","astra-migrate-meta-layouts":"","ast-page-background-enabled":"default","ast-page-background-meta":{"desktop":{"background-color":"var(--ast-global-color-4)","background-image":"","background-repeat":"repeat","background-position":"center center","background-size":"auto","background-attachment":"scroll","background-type":"","background-media":"","overlay-type":"","overlay-color":"","overlay-opacity":"","overlay-gradient":""},"tablet":{"background-color":"","background-image":"","background-repeat":"repeat","background-position":"center center","background-size":"auto","background-attachment":"scroll","background-type":"","background-media":"","overlay-type":"","overlay-color":"","overlay-opacity":"","overlay-gradient":""},"mobile":{"background-color":"","background-image":"","background-repeat":"repeat","background-position":"center center","background-size":"auto","background-attachment":"scroll","background-type":"","background-media":"","overlay-type":"","overlay-color":"","overlay-opacity":"","overlay-gradient":""}},"ast-content-background-meta":{"desktop":{"background-color":"var(--ast-global-color-5)","background-image":"","background-repeat":"repeat","background-position":"center center","background-size":"auto","background-attachment":"scroll","background-type":"","background-media":"","overlay-type":"","overlay-color":"","overlay-opacity":"","overlay-gradient":""},"tablet":{"background-color":"var(--ast-global-color-5)","background-image":"","background-repeat":"repeat","background-position":"center center","background-size":"auto","background-attachment":"scroll","background-type":"","background-media":"","overlay-type":"","overlay-color":"","overlay-opacity":"","overlay-gradient":""},"mobile":{"background-color":"var(--ast-global-color-5)","background-image":"","background-repeat":"repeat","background-position":"center center","background-size":"auto","background-attachment":"scroll","background-type":"","background-media":"","overlay-type":"","overlay-color":"","overlay-opacity":"","overlay-gradient":""}},"footnotes":""},"class_list":["post-20","page","type-page","status-publish","hentry"],"uagb_featured_image_src":{"full":false,"thumbnail":false,"medium":false,"medium_large":false,"large":false,"1536x1536":false,"2048x2048":false},"uagb_author_info":{"display_name":"uw05ibezngl8","author_link":"https:\/\/climaclever.cl\/?author=6"},"uagb_comment_info":0,"uagb_excerpt":"Servicios de Clima Ofrecemos soluciones integrales en refrigeraci\u00f3n y climatizaci\u00f3n, garantizando la optimalidad de equipos y el confort de nuestros [&hellip;]","_links":{"self":[{"href":"https:\/\/climaclever.cl\/index.php?rest_route=\/wp\/v2\/pages\/20","targetHints":{"allow":["GET"]}}],"collection":[{"href":"https:\/\/climaclever.cl\/index.php?rest_route=\/wp\/v2\/pages"}],"about":[{"href":"https:\/\/climaclever.cl\/index.php?rest_route=\/wp\/v2\/types\/page"}],"author":[{"embeddable":true,"href":"https:\/\/climaclever.cl\/index.php?rest_route=\/wp\/v2\/users\/6"}],"replies":[{"embeddable":true,"href":"https:\/\/climaclever.cl\/index.php?rest_route=%2Fwp%2Fv2%2Fcomments&post=20"}],"version-history":[{"count":3,"href":"https:\/\/climaclever.cl\/index.php?rest_route=\/wp\/v2\/pages\/20\/revisions"}],"predecessor-version":[{"id":989,"href":"https:\/\/climaclever.cl\/index.php?rest_route=\/wp\/v2\/pages\/20\/revisions\/989"}],"wp:attachment":[{"href":"https:\/\/climaclever.cl\/index.php?rest_route=%2Fwp%2Fv2%2Fmedia&parent=20"}],"curies":[{"name":"wp","href":"https:\/\/api.w.org\/{rel}","templated":true}]}}